{"id":734,"date":"2013-04-01T15:37:54","date_gmt":"2013-04-01T15:37:54","guid":{"rendered":"http:\/\/www.kriesi.at\/themes\/enfold\/?page_id=734"},"modified":"2024-02-19T11:53:46","modified_gmt":"2024-02-19T10:53:46","slug":"homepage","status":"publish","type":"page","link":"https:\/\/www.schmahl.biz\/de\/","title":{"rendered":"Homepage"},"content":{"rendered":"<div id='full_slider_1'  class='avia-fullwidth-slider main_color avia-shadow   avia-builder-el-0  el_before_av_textblock  avia-builder-el-first   container_wrap fullsize'  ><div  class='avia-slideshow av-jhlk5hab-6cce9bf3151c05bfeec8cacf5577943f avia-slideshow-no scaling av_slideshow_full avia-slide-slider av-slideshow-ui av-control-default av-slideshow-manual av-loop-once av-loop-manual-endless av-default-height-applied   avia-slideshow-1' data-slideshow-options=\"{&quot;animation&quot;:&quot;slide&quot;,&quot;autoplay&quot;:false,&quot;loop_autoplay&quot;:&quot;once&quot;,&quot;interval&quot;:5,&quot;loop_manual&quot;:&quot;manual-endless&quot;,&quot;autoplay_stopper&quot;:false,&quot;noNavigation&quot;:false,&quot;bg_slider&quot;:false,&quot;keep_padding&quot;:false,&quot;hoverpause&quot;:false,&quot;show_slide_delay&quot;:0}\"  itemprop=\"image\" itemscope=\"itemscope\" itemtype=\"https:\/\/schema.org\/ImageObject\" ><ul class='avia-slideshow-inner ' style='padding-bottom: 24.2063492063%;'><li  class='avia-slideshow-slide av-jhlk5hab-6cce9bf3151c05bfeec8cacf5577943f__0  av-single-slide slide-1 slide-odd'><div data-rel='slideshow-1' class='avia-slide-wrap '   ><img fetchpriority=\"high\" class=\"wp-image-3450 avia-img-lazy-loading-not-3450\"  src='https:\/\/www.schmahl.biz\/wp-content\/uploads\/2019\/02\/Startbild-Schmahlversion2.jpg' width='2268' height='549' title='Startbild-Schmahlversion2' alt=''  itemprop=\"thumbnailUrl\"   \/><\/div><\/li><\/ul><\/div><\/div><div id='after_full_slider_1'  class='main_color av_default_container_wrap container_wrap fullsize'  ><div class='container av-section-cont-open' ><div class='template-page content  av-content-full alpha units'><div class='post-entry post-entry-type-page post-entry-734'><div class='entry-content-wrapper clearfix'>\n\n<style type=\"text\/css\" data-created_by=\"avia_inline_auto\" id=\"style-css-av-jhlki0fp-75bfd9d9a7f685a5b8fb762957d614a9\">\n#top .av_textblock_section.av-jhlki0fp-75bfd9d9a7f685a5b8fb762957d614a9 .avia_textblock{\ncolor:#757575;\n}\n<\/style>\n<section  class='av_textblock_section av-jhlki0fp-75bfd9d9a7f685a5b8fb762957d614a9 '   itemscope=\"itemscope\" itemtype=\"https:\/\/schema.org\/CreativeWork\" ><div class='avia_textblock av_inherit_color'  itemprop=\"text\" ><h2><img loading=\"lazy\" decoding=\"async\" class=\"size-full wp-image-3544 alignright\" src=\"https:\/\/www.schmahl.biz\/\/wp-content\/uploads\/2019\/03\/50Jahre-Schmahl.jpg\" alt=\"\" width=\"150\" height=\"73\" \/> WIR PRODUZIEREN ANTRIEBSTECHNIK<\/h2>\n<h3>&#8230; seit 50 Jahren &#8211; SCHMAHL<\/h3>\n<\/div><\/section>\n\n<style type=\"text\/css\" data-created_by=\"avia_inline_auto\" id=\"style-css-av-jtii16ae-04482dab839582f120550f4aea7e0055\">\n#top .hr.av-jtii16ae-04482dab839582f120550f4aea7e0055{\nmargin-top:30px;\nmargin-bottom:30px;\n}\n.hr.av-jtii16ae-04482dab839582f120550f4aea7e0055 .hr-inner{\nwidth:1005;\nborder-color:#378ce8;\n}\n<\/style>\n<div  class='hr av-jtii16ae-04482dab839582f120550f4aea7e0055 hr-custom  avia-builder-el-2  el_after_av_textblock  el_before_av_hr  hr-left hr-icon-no'><span class='hr-inner inner-border-av-border-thin'><span class=\"hr-inner-style\"><\/span><\/span><\/div>\n\n<style type=\"text\/css\" data-created_by=\"avia_inline_auto\" id=\"style-css-av-jtii16ae-8404b986b06d9117b66510d228febea5\">\n#top .hr.hr-invisible.av-jtii16ae-8404b986b06d9117b66510d228febea5{\nheight:20px;\n}\n<\/style>\n<div  class='hr av-jtii16ae-8404b986b06d9117b66510d228febea5 hr-invisible  avia-builder-el-3  el_after_av_hr  el_before_av_textblock '><span class='hr-inner '><span class=\"hr-inner-style\"><\/span><\/span><\/div>\n\n<style type=\"text\/css\" data-created_by=\"avia_inline_auto\" id=\"style-css-av-jzi8iusr-965292a8eb2205292bd0713fe49fb59d\">\n#top .av_textblock_section.av-jzi8iusr-965292a8eb2205292bd0713fe49fb59d .avia_textblock{\ncolor:#898989;\n}\n<\/style>\n<section  class='av_textblock_section av-jzi8iusr-965292a8eb2205292bd0713fe49fb59d '   itemscope=\"itemscope\" itemtype=\"https:\/\/schema.org\/CreativeWork\" ><div class='avia_textblock av_inherit_color'  itemprop=\"text\" ><h4 style=\"text-align: center\"><strong>Unser Schmahl-Imagefilm:<\/p>\n<p><\/strong><\/h4>\n<\/div><\/section>\n\n<style type=\"text\/css\" data-created_by=\"avia_inline_auto\" id=\"style-css-av-jtu23nu9-657ebef0673b00d6cbf849eee691261a\">\n.avia-image-container.av-jtu23nu9-657ebef0673b00d6cbf849eee691261a img.avia_image{\nbox-shadow:none;\n}\n.avia-image-container.av-jtu23nu9-657ebef0673b00d6cbf849eee691261a .av-image-caption-overlay-center{\ncolor:#ffffff;\n}\n<\/style>\n<div  class='avia-image-container av-jtu23nu9-657ebef0673b00d6cbf849eee691261a av-styling- av-img-linked avia-align-center  avia-builder-el-5  el_after_av_textblock  el_before_av_image '   itemprop=\"image\" itemscope=\"itemscope\" itemtype=\"https:\/\/schema.org\/ImageObject\" ><div class=\"avia-image-container-inner\"><div class=\"avia-image-overlay-wrap\"><a href=\"https:\/\/www.schmahl.biz\/wp-content\/uploads\/2019\/11\/Schmahl_Trailer2019-3_MP4HD_191107HP.mp4\" class='avia_image '  target=\"_blank\"  rel=\"noopener noreferrer\" aria-label='Trailer Schmahl'><img fetchpriority=\"high\" class='wp-image-3794 avia-img-lazy-loading-not-3794 avia_image ' src='https:\/\/www.schmahl.biz\/wp-content\/uploads\/2019\/03\/trailer.jpg' alt='' title='Trailer Schmahl'  height=\"78\" width=\"650\"  itemprop=\"thumbnailUrl\"  \/><\/a><\/div><\/div><\/div>\n\n\n<style type=\"text\/css\" data-created_by=\"avia_inline_auto\" id=\"style-css-av-jtii16ae-8404b986b06d9117b66510d228febea5\">\n#top .hr.hr-invisible.av-jtii16ae-8404b986b06d9117b66510d228febea5{\nheight:20px;\n}\n<\/style>\n<div  class='hr av-jtii16ae-8404b986b06d9117b66510d228febea5 hr-invisible  avia-builder-el-7  el_after_av_image  el_before_av_textblock '><span class='hr-inner '><span class=\"hr-inner-style\"><\/span><\/span><\/div>\n<section  class='av_textblock_section av-jhlki0fp-678611e4845c998989369ba7785e796f '   itemscope=\"itemscope\" itemtype=\"https:\/\/schema.org\/CreativeWork\" ><div class='avia_textblock'  itemprop=\"text\" ><p>Verzahnen ist ein ganz besonderes Gesch\u00e4ft. Antriebe halten die Welt in Bewegung. Ob bei der Getreideernte und Nahrungsmittelversorgung, dem Bau von Stra\u00dfen und Autobahnen, Antriebe von Flugzeugen, Z\u00fcgen sowie Schiffen oder bei dem Einsatz von Getrieben oder Zahnr\u00e4dern zur Gewinnung von Energie &#8211; dort finden Sie Getriebe und Verzahnungskomponenten von SCHMAHL.<\/p>\n<p>Seit 1969 fertigen wir Zahnr\u00e4der, Getriebe und komplette Antriebssysteme \u2013 Made in Germany \u2013 und z\u00e4hlen zu den innovativsten Zahnradfertigern in Europa. Als verl\u00e4sslicher Partner beliefern wir die Landmaschinen-, Stra\u00dfenbaumaschinenhersteller, den allgemeinen Maschinen- und Anlagenbau sowie die Bereiche Wehrtechnik, Schiffsgetriebe, Motorenbau und Windkrafttechnologie.<\/p>\n<p>Die Basis hierf\u00fcr bieten unsere Mitarbeiter der Konstruktion sowie der Fertigung unterst\u00fctzt durch unseren modernen Maschinenpark.<\/p>\n<p>Interessante Antworten finden wir auch bei der Fertigung von Gro\u00dfteilen bis 10t Werkst\u00fcckgewicht. Unser Ziel ist es, in modernste Zahnradbearbeitungstechnik zu investieren, um unseren Kunden auch in Zukunft Probleml\u00f6sungen und Produkte auf h\u00f6chstem technischen Niveau bieten zu k\u00f6nnen.<\/p>\n<\/div><\/section>\n\n<style type=\"text\/css\" data-created_by=\"avia_inline_auto\" id=\"style-css-av-jtii16ae-04482dab839582f120550f4aea7e0055\">\n#top .hr.av-jtii16ae-04482dab839582f120550f4aea7e0055{\nmargin-top:30px;\nmargin-bottom:30px;\n}\n.hr.av-jtii16ae-04482dab839582f120550f4aea7e0055 .hr-inner{\nwidth:1005;\nborder-color:#378ce8;\n}\n<\/style>\n<div  class='hr av-jtii16ae-04482dab839582f120550f4aea7e0055 hr-custom  avia-builder-el-9  el_after_av_textblock  el_before_av_one_third  hr-left hr-icon-no'><span class='hr-inner inner-border-av-border-thin'><span class=\"hr-inner-style\"><\/span><\/span><\/div>\n\n<style type=\"text\/css\" data-created_by=\"avia_inline_auto\" id=\"style-css-av-14n2bi-a79cc0ecdd9f437af3e74d519137ea64\">\n.flex_column.av-14n2bi-a79cc0ecdd9f437af3e74d519137ea64{\nborder-radius:0px 0px 0px 0px;\npadding:0px 0px 0px 0px;\n}\n<\/style>\n<div  class='flex_column av-14n2bi-a79cc0ecdd9f437af3e74d519137ea64 av_one_third  avia-builder-el-10  el_after_av_hr  el_before_av_one_third  first flex_column_div av-zero-column-padding  '     ><style type=\"text\/css\" data-created_by=\"avia_inline_auto\" id=\"style-css-av-jsodurse-b07ff4f624ae9afbecad214f13ec74f0\">\n.avia-image-container.av-jsodurse-b07ff4f624ae9afbecad214f13ec74f0 img.avia_image{\nbox-shadow:none;\n}\n.avia-image-container.av-jsodurse-b07ff4f624ae9afbecad214f13ec74f0 .av-image-caption-overlay-center{\ncolor:#ffffff;\n}\n<\/style>\n<div  class='avia-image-container av-jsodurse-b07ff4f624ae9afbecad214f13ec74f0 av-styling- av-img-linked avia-align-center  avia-builder-el-11  avia-builder-el-no-sibling '   itemprop=\"image\" itemscope=\"itemscope\" itemtype=\"https:\/\/schema.org\/ImageObject\" ><div class=\"avia-image-container-inner\"><div class=\"avia-image-overlay-wrap\"><a href=\"https:\/\/www.schmahl.biz\/de\/produkte-im-einsatz\/\" class='avia_image '  aria-label='produkte-im-einsatz'><img fetchpriority=\"high\" class='wp-image-3454 avia-img-lazy-loading-not-3454 avia_image ' src='https:\/\/www.schmahl.biz\/wp-content\/uploads\/2019\/03\/produkte-im-einsatz-300x214.jpg' alt='' title='produkte-im-einsatz'  height=\"214\" width=\"300\"  itemprop=\"thumbnailUrl\"  \/><\/a><\/div><\/div><\/div><\/div>\n\n<style type=\"text\/css\" data-created_by=\"avia_inline_auto\" id=\"style-css-av-14n2bi-f52c5313657d1200cbcafd17ae8774b3\">\n.flex_column.av-14n2bi-f52c5313657d1200cbcafd17ae8774b3{\nborder-radius:0px 0px 0px 0px;\npadding:0px 0px 0px 0px;\n}\n<\/style>\n<div  class='flex_column av-14n2bi-f52c5313657d1200cbcafd17ae8774b3 av_one_third  avia-builder-el-12  el_after_av_one_third  el_before_av_one_third  flex_column_div av-zero-column-padding  '     ><style type=\"text\/css\" data-created_by=\"avia_inline_auto\" id=\"style-css-av-jsodurse-e52f5f2e6d3d36e9501068d3c85ba98b\">\n.avia-image-container.av-jsodurse-e52f5f2e6d3d36e9501068d3c85ba98b img.avia_image{\nbox-shadow:none;\n}\n.avia-image-container.av-jsodurse-e52f5f2e6d3d36e9501068d3c85ba98b .av-image-caption-overlay-center{\ncolor:#ffffff;\n}\n<\/style>\n<div  class='avia-image-container av-jsodurse-e52f5f2e6d3d36e9501068d3c85ba98b av-styling- av-img-linked avia-align-center  avia-builder-el-13  avia-builder-el-no-sibling '   itemprop=\"image\" itemscope=\"itemscope\" itemtype=\"https:\/\/schema.org\/ImageObject\" ><div class=\"avia-image-container-inner\"><div class=\"avia-image-overlay-wrap\"><a href=\"https:\/\/www.schmahl.biz\/de\/news\/\" class='avia_image '  aria-label='news_front'><img fetchpriority=\"high\" class='wp-image-3504 avia-img-lazy-loading-not-3504 avia_image ' src='https:\/\/www.schmahl.biz\/wp-content\/uploads\/2019\/03\/news_front-300x214.jpg' alt='' title='news_front'  height=\"214\" width=\"300\"  itemprop=\"thumbnailUrl\"  \/><\/a><\/div><\/div><\/div><\/div>\n\n<style type=\"text\/css\" data-created_by=\"avia_inline_auto\" id=\"style-css-av-14n2bi-f52c5313657d1200cbcafd17ae8774b3\">\n.flex_column.av-14n2bi-f52c5313657d1200cbcafd17ae8774b3{\nborder-radius:0px 0px 0px 0px;\npadding:0px 0px 0px 0px;\n}\n<\/style>\n<div  class='flex_column av-14n2bi-f52c5313657d1200cbcafd17ae8774b3 av_one_third  avia-builder-el-14  el_after_av_one_third  el_before_av_hr  flex_column_div av-zero-column-padding  '     ><style type=\"text\/css\" data-created_by=\"avia_inline_auto\" id=\"style-css-av-jsodurse-823ea79a85a6d7b835c571187f882ce3\">\n.avia-image-container.av-jsodurse-823ea79a85a6d7b835c571187f882ce3 img.avia_image{\nbox-shadow:none;\n}\n.avia-image-container.av-jsodurse-823ea79a85a6d7b835c571187f882ce3 .av-image-caption-overlay-center{\ncolor:#ffffff;\n}\n<\/style>\n<div  class='avia-image-container av-jsodurse-823ea79a85a6d7b835c571187f882ce3 av-styling- av-img-linked avia-align-center  avia-builder-el-15  avia-builder-el-no-sibling '   itemprop=\"image\" itemscope=\"itemscope\" itemtype=\"https:\/\/schema.org\/ImageObject\" ><div class=\"avia-image-container-inner\"><div class=\"avia-image-overlay-wrap\"><a href=\"https:\/\/www.schmahl.biz\/de\/produkte-fertigung\/\" class='avia_image '  aria-label='produkte-fertigung'><img fetchpriority=\"high\" class='wp-image-3452 avia-img-lazy-loading-not-3452 avia_image ' src='https:\/\/www.schmahl.biz\/wp-content\/uploads\/2019\/03\/produkte-fertigung-300x214.jpg' alt='' title='produkte-fertigung'  height=\"214\" width=\"300\"  itemprop=\"thumbnailUrl\"  \/><\/a><\/div><\/div><\/div><\/div>\n\n<style type=\"text\/css\" data-created_by=\"avia_inline_auto\" id=\"style-css-av-jtii16ae-04482dab839582f120550f4aea7e0055\">\n#top .hr.av-jtii16ae-04482dab839582f120550f4aea7e0055{\nmargin-top:30px;\nmargin-bottom:30px;\n}\n.hr.av-jtii16ae-04482dab839582f120550f4aea7e0055 .hr-inner{\nwidth:1005;\nborder-color:#378ce8;\n}\n<\/style>\n<div  class='hr av-jtii16ae-04482dab839582f120550f4aea7e0055 hr-custom  avia-builder-el-16  el_after_av_one_third  el_before_av_image  hr-left hr-icon-no'><span class='hr-inner inner-border-av-border-thin'><span class=\"hr-inner-style\"><\/span><\/span><\/div>\n\n<style type=\"text\/css\" data-created_by=\"avia_inline_auto\" id=\"style-css-av-l14yoruy-69b50a34b070d252bca66fde2cf785c8\">\n.avia-image-container.av-l14yoruy-69b50a34b070d252bca66fde2cf785c8 img.avia_image{\nbox-shadow:none;\n}\n.avia-image-container.av-l14yoruy-69b50a34b070d252bca66fde2cf785c8 .av-image-caption-overlay-center{\ncolor:#ffffff;\n}\n<\/style>\n<div  class='avia-image-container av-l14yoruy-69b50a34b070d252bca66fde2cf785c8 av-styling- av-hover-grow av-hide-overflow av-img-linked avia-align-center  avia-builder-el-17  el_after_av_hr  el_before_av_one_full '   itemprop=\"image\" itemscope=\"itemscope\" itemtype=\"https:\/\/schema.org\/ImageObject\" ><div class=\"avia-image-container-inner\"><div class=\"avia-image-overlay-wrap\"><a href=\"https:\/\/www.schmahl.biz\/de\/karriere\/\" class='avia_image '  aria-label='2022_Logok_Wir-bilden-aus'><img fetchpriority=\"high\" class='wp-image-4394 avia-img-lazy-loading-not-4394 avia_image ' src='https:\/\/www.schmahl.biz\/wp-content\/uploads\/2022\/03\/2022_Logok_Wir-bilden-aus.png' alt='' title='2022_Logok_Wir-bilden-aus'  height=\"277\" width=\"250\"  itemprop=\"thumbnailUrl\"  \/><\/a><\/div><\/div><\/div>\n\n<style type=\"text\/css\" data-created_by=\"avia_inline_auto\" id=\"style-css-av-pclq-644874d403e4dc83ba82ca140fe375f3\">\n.flex_column.av-pclq-644874d403e4dc83ba82ca140fe375f3{\nborder-radius:0px 0px 0px 0px;\npadding:0px 0px 0px 0px;\n}\n<\/style>\n<div  class='flex_column av-pclq-644874d403e4dc83ba82ca140fe375f3 av_one_full  avia-builder-el-18  el_after_av_image  avia-builder-el-last  first flex_column_div av-zero-column-padding  '     ><\/div>\n","protected":false},"excerpt":{"rendered":"<p>This is a Page excerpt. It will be displayed for search results<\/p>\n","protected":false},"author":1,"featured_media":0,"parent":0,"menu_order":10,"comment_status":"open","ping_status":"open","template":"","meta":{"footnotes":""},"class_list":["post-734","page","type-page","status-publish","hentry"],"_links":{"self":[{"href":"https:\/\/www.schmahl.biz\/de\/wp-json\/wp\/v2\/pages\/734","targetHints":{"allow":["GET"]}}],"collection":[{"href":"https:\/\/www.schmahl.biz\/de\/wp-json\/wp\/v2\/pages"}],"about":[{"href":"https:\/\/www.schmahl.biz\/de\/wp-json\/wp\/v2\/types\/page"}],"author":[{"embeddable":true,"href":"https:\/\/www.schmahl.biz\/de\/wp-json\/wp\/v2\/users\/1"}],"replies":[{"embeddable":true,"href":"https:\/\/www.schmahl.biz\/de\/wp-json\/wp\/v2\/comments?post=734"}],"version-history":[{"count":9,"href":"https:\/\/www.schmahl.biz\/de\/wp-json\/wp\/v2\/pages\/734\/revisions"}],"predecessor-version":[{"id":4829,"href":"https:\/\/www.schmahl.biz\/de\/wp-json\/wp\/v2\/pages\/734\/revisions\/4829"}],"wp:attachment":[{"href":"https:\/\/www.schmahl.biz\/de\/wp-json\/wp\/v2\/media?parent=734"}],"curies":[{"name":"wp","href":"https:\/\/api.w.org\/{rel}","templated":true}]}}