{"id":3838,"date":"2019-05-23T12:57:07","date_gmt":"2019-05-23T10:57:07","guid":{"rendered":"https:\/\/www.schmahl.biz\/?page_id=3838"},"modified":"2026-04-17T12:17:29","modified_gmt":"2026-04-17T10:17:29","slug":"karriere","status":"publish","type":"page","link":"https:\/\/www.schmahl.biz\/de\/karriere\/","title":{"rendered":"Karriere"},"content":{"rendered":"<div id='full_slider_1'  class='avia-fullwidth-slider main_color avia-shadow   avia-builder-el-0  el_before_av_one_full  avia-builder-el-first   container_wrap fullsize'  ><div  class='avia-slideshow av-jszy6zsq-b6c681e85ff71709124d8bcb4bbc1bb9 avia-slideshow-no scaling av_slideshow_full avia-slide-slider av-slideshow-ui av-control-default av-slideshow-manual av-loop-once av-loop-manual-endless av-default-height-applied  image_no_stretch avia-slideshow-1' data-slideshow-options=\"{&quot;animation&quot;:&quot;slide&quot;,&quot;autoplay&quot;:false,&quot;loop_autoplay&quot;:&quot;once&quot;,&quot;interval&quot;:5,&quot;loop_manual&quot;:&quot;manual-endless&quot;,&quot;autoplay_stopper&quot;:false,&quot;noNavigation&quot;:false,&quot;bg_slider&quot;:false,&quot;keep_padding&quot;:false,&quot;hoverpause&quot;:false,&quot;show_slide_delay&quot;:0}\"  itemprop=\"image\" itemscope=\"itemscope\" itemtype=\"https:\/\/schema.org\/ImageObject\" ><ul class='avia-slideshow-inner ' style='padding-bottom: 24.2063492063%;'><li  class='avia-slideshow-slide av-jszy6zsq-b6c681e85ff71709124d8bcb4bbc1bb9__0  av-single-slide slide-1 slide-odd'><div data-rel='slideshow-1' class='avia-slide-wrap '   ><img fetchpriority=\"high\" class=\"wp-image-3862 avia-img-lazy-loading-not-3862\"  src='https:\/\/www.schmahl.biz\/wp-content\/uploads\/2019\/05\/karriere.jpg' width='2268' height='549' title='karriere' alt=''  itemprop=\"thumbnailUrl\"   \/><\/div><\/li><\/ul><\/div><\/div><div id='after_full_slider_1'  class='main_color av_default_container_wrap container_wrap fullsize'  ><div class='container av-section-cont-open' ><div class='template-page content  av-content-full alpha units'><div class='post-entry post-entry-type-page post-entry-3838'><div class='entry-content-wrapper clearfix'>\n\n<style type=\"text\/css\" data-created_by=\"avia_inline_auto\" id=\"style-css-av-23w7fy-9b42b6bfb6cb79dc4f39907fdbe34459\">\n.flex_column.av-23w7fy-9b42b6bfb6cb79dc4f39907fdbe34459{\nborder-radius:0px 0px 0px 0px;\npadding:0px 0px 0px 0px;\n}\n<\/style>\n<div  class='flex_column av-23w7fy-9b42b6bfb6cb79dc4f39907fdbe34459 av_one_full  avia-builder-el-1  el_after_av_slideshow_full  el_before_av_textblock  avia-builder-el-first  first flex_column_div av-zero-column-padding  '     ><p>\n<style type=\"text\/css\" data-created_by=\"avia_inline_auto\" id=\"style-css-av-2lhs32-8334ae136d36f73f9ad6a83b84642dbd\">\n#top .av-special-heading.av-2lhs32-8334ae136d36f73f9ad6a83b84642dbd{\npadding-bottom:10px;\ncolor:#757575;\n}\nbody .av-special-heading.av-2lhs32-8334ae136d36f73f9ad6a83b84642dbd .av-special-heading-tag .heading-char{\nfont-size:25px;\n}\n.av-special-heading.av-2lhs32-8334ae136d36f73f9ad6a83b84642dbd .special-heading-inner-border{\nborder-color:#757575;\n}\n.av-special-heading.av-2lhs32-8334ae136d36f73f9ad6a83b84642dbd .av-subheading{\nfont-size:15px;\n}\n<\/style>\n<div  class='av-special-heading av-2lhs32-8334ae136d36f73f9ad6a83b84642dbd av-special-heading-h2 custom-color-heading blockquote modern-quote  avia-builder-el-2  el_before_av_hr  avia-builder-el-first '><h2 class='av-special-heading-tag '  itemprop=\"headline\"  >KARRIERE<\/h2><div class=\"special-heading-border\"><div class=\"special-heading-inner-border\"><\/div><\/div><\/div><br \/>\n\n<style type=\"text\/css\" data-created_by=\"avia_inline_auto\" id=\"style-css-av-3aphjy-e2f83918d5f2c4f4347893cf1b4f2ec6\">\n#top .hr.av-3aphjy-e2f83918d5f2c4f4347893cf1b4f2ec6{\nmargin-top:30px;\nmargin-bottom:30px;\n}\n.hr.av-3aphjy-e2f83918d5f2c4f4347893cf1b4f2ec6 .hr-inner{\nwidth:100%;\nborder-color:#2583e8;\n}\n<\/style>\n<div  class='hr av-3aphjy-e2f83918d5f2c4f4347893cf1b4f2ec6 hr-custom  avia-builder-el-3  el_after_av_heading  avia-builder-el-last  hr-left hr-icon-no'><span class='hr-inner inner-border-av-border-thin'><span class=\"hr-inner-style\"><\/span><\/span><\/div><\/p><\/div>\n<section  class='av_textblock_section av-4xr9by-5b1bdaed5f85570b6f8b3d829af214a9 '   itemscope=\"itemscope\" itemtype=\"https:\/\/schema.org\/CreativeWork\" ><div class='avia_textblock'  itemprop=\"text\" ><p>Wir sind ein modernes, dynamisches Familienunternehmen und produzieren mit \u00fcber 120 Mitarbeitern anspruchsvolle Verzahnungs- und Getriebeteile sowie komplette Getriebe f\u00fcr die verschiedensten Anwendungsbereiche der Antriebstechnik.<\/p>\n<p>Durch umfassendes Know-How und langj\u00e4hrige Erfahrung im Bereich der Antriebstechnik gew\u00e4hrleisten wir Fertigung auf h\u00f6chstem technischem Niveau und z\u00e4hlen zu den innovativsten Zahnradfertigern in Europa. Als kompetenter Partner beliefern wir die Landmaschinen-, Stra\u00dfenbaumaschinenhersteller, den allgemeinen Maschinen- und Anlagenbau sowie die Bereiche Wehrtechnik, Schiffsgetriebe, Motorenbau und Windkraft.<\/p>\n<p><strong>Zur Verst\u00e4rkung unseres Teams suchen wir einen: \u00a0<\/strong><\/p>\n<h3><strong>QM Mitarbeiter f\u00fcr das Reklamationswesen \/ WEP (m\/w\/d)<\/strong><\/h3>\n<p><strong><br \/>\nIhre Aufgaben\u00a0<\/strong><\/p>\n<ul>\n<li>Reklamationsmanagement (Lenkung fehlerhafter Produkte &#8211; intern\/extern)<\/li>\n<li>8D-Reporte erstellen<\/li>\n<li>Dokumentationen, Protokolle und Belastungsanzeigen erstellen<\/li>\n<li>Qualit\u00e4tsstatistiken f\u00fchren und auswerten<\/li>\n<li>EMPB und Pr\u00fcfpl\u00e4ne erstellen<\/li>\n<li>Durchf\u00fchrung von Wareneingangpr\u00fcfungen<\/li>\n<\/ul>\n<p><strong>\u00a0Ihr Profil\u00a0<\/strong><\/p>\n<ul>\n<li>abgeschlossene Ausbildung im metallverarbeitenden Gewerbe, alternativ Techniker \/ Meister oder eine andere vergleichbare Qualifikation<\/li>\n<li>Erfahrung im Bereich QM insbesondere Reklamationsmanagement<\/li>\n<li>Kenntnisse in Bezug auf DIN ISO 9001<\/li>\n<li>sicherer Umgang mit MS-Office und CAQ-Software (Syncos)<\/li>\n<li>Teamf\u00e4higkeit, hohes Qualit\u00e4tsbewusstsein, Zuverl\u00e4ssigkeit und Kommunikationsst\u00e4rke<\/li>\n<\/ul>\n<p><strong>Wir bieten<\/strong><\/p>\n<ul>\n<li>einen sicheren und langfristigen Arbeitsplatz<\/li>\n<li>abwechslungsreiche und vielseitige T\u00e4tigkeit<\/li>\n<li>attraktives Gehalt<\/li>\n<li>betriebliche Altersvorsorge<\/li>\n<li>keine Schichtarbeit in dieser Abteilung<\/li>\n<\/ul>\n<p>Als mittelst\u00e4ndisch strukturierter Familienbetrieb bieten wir Ihnen eine leistungsorientierte und langfristige Perspektive. Haben wir Ihr Interesse geweckt? Dann senden Sie uns bitte Ihre schriftliche Bewerbung mit Lebenslauf und Zeugnissen an:<\/p>\n<p><a href=\"mailto:bewerbung@schmahl.tv\"><strong>bewerbung@schmahl.tv<\/strong><\/a><\/p>\n<p>Bitte geben Sie Ihren fr\u00fchestm\u00f6glichen Eintrittstermin mit Ihrer Gehaltsvorstellung an.<\/p>\n<p><strong>Wolfgang Schmahl GmbH &amp; Co. KG<br \/>\n<\/strong>Julia Kowoll<br \/>\nRingstr. 22-26<br \/>\n42553 Velbert<\/p>\n<p>Tel. +49 (0) 20 53 &#8211; 419 \u2013 0<br \/>\n<a href=\"http:\/\/www.schmahl.tv\">www.schmahl.tv<\/a><\/p>\n<\/div><\/section>\n\n<style type=\"text\/css\" data-created_by=\"avia_inline_auto\" id=\"style-css-av-4wzlym-ec9db6053f4f3f09a0220f78b14ac257\">\n#top .hr.av-4wzlym-ec9db6053f4f3f09a0220f78b14ac257{\nmargin-top:30px;\nmargin-bottom:30px;\n}\n.hr.av-4wzlym-ec9db6053f4f3f09a0220f78b14ac257 .hr-inner{\nwidth:100%;\nborder-color:#2583e8;\n}\n<\/style>\n<div  class='hr av-4wzlym-ec9db6053f4f3f09a0220f78b14ac257 hr-custom  avia-builder-el-5  el_after_av_textblock  el_before_av_textblock  hr-left hr-icon-no'><span class='hr-inner inner-border-av-border-thin'><span class=\"hr-inner-style\"><\/span><\/span><\/div>\n<section  class='av_textblock_section av-mcyoddit-7f829e29922e34605afa595eaeabb40f '   itemscope=\"itemscope\" itemtype=\"https:\/\/schema.org\/CreativeWork\" ><div class='avia_textblock'  itemprop=\"text\" ><p>Wir sind ein modernes, dynamisches Familienunternehmen und produzieren mit \u00fcber 120 Mitarbeitern anspruchsvolle Verzahnungs- und Getriebeteile sowie komplette Getriebe f\u00fcr die verschiedensten Anwendungsbereiche der Antriebstechnik.<\/p>\n<p>Durch umfassendes Know-How und langj\u00e4hrige Erfahrung im Bereich der Antriebstechnik gew\u00e4hrleisten wir Fertigung auf h\u00f6chstem technischem Niveau und z\u00e4hlen zu den innovativsten Zahnradfertigern in Europa. Als kompetenter Partner beliefern wir die Landmaschinen-, Stra\u00dfenbaumaschinenhersteller, den allgemeinen Maschinen- und Anlagenbau sowie die Bereiche Wehrtechnik, Schiffsgetriebe, Motorenbau und Windkraft.<\/p>\n<p><strong>F\u00fcr das Ausbildungsjahr ab September 2026 suchen wir Mitarbeiter f\u00fcr die:<\/strong><\/p>\n<h3><strong>Ausbildung zum Zerspanungsmechaniker (m\/w\/d)<\/strong><\/h3>\n<p><strong>Fachrichtung Dreh- und Fr\u00e4stechnik<\/p>\n<p><img loading=\"lazy\" decoding=\"async\" class=\"alignnone size-full wp-image-4913\" src=\"https:\/\/www.schmahl.biz\/wp-content\/uploads\/2024\/11\/bildmontage-ausbildung.jpg\" alt=\"\" width=\"1916\" height=\"681\" srcset=\"https:\/\/www.schmahl.biz\/wp-content\/uploads\/2024\/11\/bildmontage-ausbildung.jpg 1916w, https:\/\/www.schmahl.biz\/wp-content\/uploads\/2024\/11\/bildmontage-ausbildung-300x107.jpg 300w, https:\/\/www.schmahl.biz\/wp-content\/uploads\/2024\/11\/bildmontage-ausbildung-1030x366.jpg 1030w, https:\/\/www.schmahl.biz\/wp-content\/uploads\/2024\/11\/bildmontage-ausbildung-768x273.jpg 768w, https:\/\/www.schmahl.biz\/wp-content\/uploads\/2024\/11\/bildmontage-ausbildung-1536x546.jpg 1536w, https:\/\/www.schmahl.biz\/wp-content\/uploads\/2024\/11\/bildmontage-ausbildung-1500x533.jpg 1500w, https:\/\/www.schmahl.biz\/wp-content\/uploads\/2024\/11\/bildmontage-ausbildung-705x251.jpg 705w\" sizes=\"auto, (max-width: 1916px) 100vw, 1916px\" \/><\/strong><\/p>\n<p><strong>T\u00e4tigkeiten<\/strong><\/p>\n<ul>\n<li>Fertigung von Dreh- und Fr\u00e4steilen f\u00fcr Maschinen und Anlagen<\/li>\n<li>Einrichtung und Best\u00fcckung von manuellen und computergesteuerten Werkzeugmaschinen<\/li>\n<li>Programmierung und \u00dcberwachung von Fertigungsprozessen an CNC-Werkzeugmaschinen<\/li>\n<li>Herstellung von Pr\u00e4zisionsbauteilen f\u00fcr den Anlagen- und Maschinenbau<\/li>\n<li>Aufarbeitungs- und Modifizierungsarbeiten<\/li>\n<li>Metallbearbeitung: feilen, s\u00e4gen und bohren<\/li>\n<li>Qualit\u00e4tssicherung, messen und pr\u00fcfen<\/li>\n<\/ul>\n<p><strong><br \/>\nDein Profil<\/strong><\/p>\n<ul>\n<li>mindestens einen Hauptschulabschluss mit Qualifizierung oder einen Realschulabschluss<\/li>\n<li>handwerkliches Geschick, sorgf\u00e4ltige Arbeitsweise sowie Spa\u00df am Umgang mit Technik<\/li>\n<li>Teamf\u00e4higkeit, Zuverl\u00e4ssigkeit und Aufgeschlossenheit \/ Kommunikationsst\u00e4rke<\/li>\n<\/ul>\n<p><strong><br \/>\nWir bieten<\/strong><\/p>\n<ul>\n<li>eine technische Ausbildung in einem hochqualifizierten Umfeld<\/li>\n<li>\u00dcbernahme bei erfolgreichem Ausbildungsabschluss<\/li>\n<li>fachliche Unterst\u00fctzung w\u00e4hrend der Ausbildung durch Werksunterricht<\/li>\n<li>Kooperation mit der GLW in Velbert<\/li>\n<li>gutes Arbeitsumfeld\/-klima<\/li>\n<li>attraktive Ausbildungsverg\u00fctung<\/li>\n<li>30 Tage Urlaub<\/li>\n<\/ul>\n<p>Haben wir Dein Interesse geweckt?<\/p>\n<p><strong>Dann z\u00f6gere nicht und sende uns Deine schriftliche Bewerbung mit Lebenslauf und Zeugnissen an:<\/strong><\/p>\n<p><a href=\"mailto:bewerbung@schmahl.tv\"><strong>bewerbung@schmahl.tv<\/strong><\/a><strong><br \/>\n<\/strong><br \/>\nWir freuen uns auf Dich!<\/p>\n<p><strong>Wolfgang Schmahl GmbH &amp; Co. KG<\/strong><br \/>\nFrau Julia Kowoll<br \/>\nRingstr. 22-26<br \/>\n42553 Velbert<br \/>\nTel. +49 (0) 20 53 \u2013 419 \u2013 0<br \/>\n<a href=\"http:\/\/www.schmahl.tv\">www.schmahl.tv<\/a><\/p>\n<\/div><\/section>\n\n<style type=\"text\/css\" data-created_by=\"avia_inline_auto\" id=\"style-css-av-5swnpa-500f6fd4bc6fd0b35756db1c3d7e99ad\">\n#top .hr.av-5swnpa-500f6fd4bc6fd0b35756db1c3d7e99ad{\nmargin-top:30px;\nmargin-bottom:30px;\n}\n.hr.av-5swnpa-500f6fd4bc6fd0b35756db1c3d7e99ad .hr-inner{\nwidth:100%;\nborder-color:#2583e8;\n}\n<\/style>\n<div  class='hr av-5swnpa-500f6fd4bc6fd0b35756db1c3d7e99ad hr-custom  avia-builder-el-7  el_after_av_textblock  el_before_av_textblock  hr-left hr-icon-no'><span class='hr-inner inner-border-av-border-thin'><span class=\"hr-inner-style\"><\/span><\/span><\/div>\n<section  class='av_textblock_section av-26nnou-4137b804e2190a1060c4c49c0ac976de '   itemscope=\"itemscope\" itemtype=\"https:\/\/schema.org\/CreativeWork\" ><div class='avia_textblock'  itemprop=\"text\" ><p><strong>F\u00fcr September 2026 haben wir noch eine interessante Ausbildungsstelle f\u00fcr die Schmahl H\u00e4rtetechnik &amp; Service GmbH &amp; Co. KG zu vergeben :<\/strong><strong>\u00a0<\/strong><\/p>\n<h3><strong>Ausbildung zum Werkstoffpr\u00fcfer &#8211; Metalltechnik (m\/w\/d)<\/strong><\/h3>\n<p><strong> <img loading=\"lazy\" decoding=\"async\" class=\"alignnone size-full wp-image-5112\" src=\"https:\/\/www.schmahl.biz\/wp-content\/uploads\/2026\/03\/bildmontage-azubi-haertetechnik.jpg\" alt=\"\" width=\"1916\" height=\"681\" srcset=\"https:\/\/www.schmahl.biz\/wp-content\/uploads\/2026\/03\/bildmontage-azubi-haertetechnik.jpg 1916w, https:\/\/www.schmahl.biz\/wp-content\/uploads\/2026\/03\/bildmontage-azubi-haertetechnik-300x107.jpg 300w, https:\/\/www.schmahl.biz\/wp-content\/uploads\/2026\/03\/bildmontage-azubi-haertetechnik-1030x366.jpg 1030w, https:\/\/www.schmahl.biz\/wp-content\/uploads\/2026\/03\/bildmontage-azubi-haertetechnik-768x273.jpg 768w, https:\/\/www.schmahl.biz\/wp-content\/uploads\/2026\/03\/bildmontage-azubi-haertetechnik-1536x546.jpg 1536w, https:\/\/www.schmahl.biz\/wp-content\/uploads\/2026\/03\/bildmontage-azubi-haertetechnik-1500x533.jpg 1500w, https:\/\/www.schmahl.biz\/wp-content\/uploads\/2026\/03\/bildmontage-azubi-haertetechnik-705x251.jpg 705w\" sizes=\"auto, (max-width: 1916px) 100vw, 1916px\" \/><\/strong><\/p>\n<p><strong>T\u00e4tigkeiten<\/strong><\/p>\n<ul>\n<li>Vorbereitung, Durchf\u00fchrung und Auswertung physikalischer und technischer Untersuchungen zur Pr\u00fcfung der Werkstoffe auf ihre Eigenschaften<\/li>\n<li>Herstellung von metallografischen Schliffen<\/li>\n<li>Sichtbarmachung des Metallgef\u00fcges durch \u00c4tzungen<\/li>\n<li>Erstellung von Pr\u00fcfberichten<\/li>\n<li>Zerst\u00f6rungsfreie Pr\u00fcfungen: UT (Ultraschall), Magnetpulverpr\u00fcfung (MT) und Farbeindringpr\u00fcfung (PT)<\/li>\n<\/ul>\n<p><strong><br \/>\nVoraussetzungen<\/strong><\/p>\n<ul>\n<li>mindestens einen Hauptschulabschluss mit Qualifizierung oder einen Realschulabschluss<\/li>\n<li>gute Leistungen in Mathematik, Physik und Chemie<\/li>\n<li>sorgf\u00e4ltige Arbeitsweise sowie ein gutes technisches Verst\u00e4ndnis<\/li>\n<li>Teamf\u00e4higkeit, Zuverl\u00e4ssigkeit und Kommunikationsst\u00e4rke<\/li>\n<li>Ausbildungsdauer 3,5 Jahre, Verk\u00fcrzung m\u00f6glich<\/li>\n<\/ul>\n<p><strong><br \/>\nWir bieten<\/strong><\/p>\n<ul>\n<li>eine technische Ausbildung in einem hochqualifizierten Umfeld<\/li>\n<li>\u00dcbernahme bei erfolgreichem Ausbildungsabschluss<\/li>\n<li>fachliche Unterst\u00fctzung w\u00e4hrend der Ausbildung durch Werksunterricht<\/li>\n<li>Kooperation mit der GLW in Velbert<\/li>\n<li>gutes Arbeitsumfeld\/-klima<\/li>\n<li>attraktive Ausbildungsverg\u00fctung<\/li>\n<li>30 Tage Urlaub<\/li>\n<\/ul>\n<p>Haben wir Dein Interesse geweckt?<\/p>\n<p><strong>Dann z\u00f6gere nicht und sende uns Deine schriftliche Bewerbung mit Lebenslauf und Zeugnissen an:<\/strong><\/p>\n<p><a href=\"mailto:bewerbung@schmahl.tv\"><strong>bewerbung@schmahl.tv<\/strong><\/a><\/p>\n<p><strong><br \/>\n<\/strong>Wir freuen uns auf Dich!<\/p>\n<p><strong>Schmahl H\u00e4rtetechnik &amp; Service GmbH &amp; Co. KG<\/strong><br \/>\nFrau Julia Kowoll<br \/>\nRingstr. 22-26<br \/>\n42553 Velbert<\/p>\n<p>Tel. +49 (0) 20 53 \u2013 419 \u2013 0<\/p>\n<p><a href=\"http:\/\/www.schmahl.tv\/\">www.schmahl.tv<\/a><\/p>\n<\/div><\/section>\n\n<style type=\"text\/css\" data-created_by=\"avia_inline_auto\" id=\"style-css-av-9b35a-0bea8f3f15e2359290d65cdab7f841de\">\n#top .hr.av-9b35a-0bea8f3f15e2359290d65cdab7f841de{\nmargin-top:30px;\nmargin-bottom:30px;\n}\n.hr.av-9b35a-0bea8f3f15e2359290d65cdab7f841de .hr-inner{\nwidth:100%;\nborder-color:#2583e8;\n}\n<\/style>\n<div  class='hr av-9b35a-0bea8f3f15e2359290d65cdab7f841de hr-custom  avia-builder-el-9  el_after_av_textblock  avia-builder-el-last  hr-left hr-icon-no'><span class='hr-inner inner-border-av-border-thin'><span class=\"hr-inner-style\"><\/span><\/span><\/div>\n","protected":false},"excerpt":{"rendered":"","protected":false},"author":2,"featured_media":0,"parent":0,"menu_order":12,"comment_status":"closed","ping_status":"closed","template":"","meta":{"footnotes":""},"class_list":["post-3838","page","type-page","status-publish","hentry"],"_links":{"self":[{"href":"https:\/\/www.schmahl.biz\/de\/wp-json\/wp\/v2\/pages\/3838","targetHints":{"allow":["GET"]}}],"collection":[{"href":"https:\/\/www.schmahl.biz\/de\/wp-json\/wp\/v2\/pages"}],"about":[{"href":"https:\/\/www.schmahl.biz\/de\/wp-json\/wp\/v2\/types\/page"}],"author":[{"embeddable":true,"href":"https:\/\/www.schmahl.biz\/de\/wp-json\/wp\/v2\/users\/2"}],"replies":[{"embeddable":true,"href":"https:\/\/www.schmahl.biz\/de\/wp-json\/wp\/v2\/comments?post=3838"}],"version-history":[{"count":10,"href":"https:\/\/www.schmahl.biz\/de\/wp-json\/wp\/v2\/pages\/3838\/revisions"}],"predecessor-version":[{"id":5144,"href":"https:\/\/www.schmahl.biz\/de\/wp-json\/wp\/v2\/pages\/3838\/revisions\/5144"}],"wp:attachment":[{"href":"https:\/\/www.schmahl.biz\/de\/wp-json\/wp\/v2\/media?parent=3838"}],"curies":[{"name":"wp","href":"https:\/\/api.w.org\/{rel}","templated":true}]}}