{"id":3333,"date":"2018-05-25T08:14:01","date_gmt":"2018-05-25T06:14:01","guid":{"rendered":"https:\/\/www.schmahl.biz\/?page_id=3333"},"modified":"2021-04-12T09:53:32","modified_gmt":"2021-04-12T07:53:32","slug":"impressum","status":"publish","type":"page","link":"https:\/\/www.schmahl.biz\/de\/impressum\/","title":{"rendered":"Impressum"},"content":{"rendered":"\n<style type=\"text\/css\" data-created_by=\"avia_inline_auto\" id=\"style-css-av-av_heading-68e8b84f7201ecc6a1ac9c5fe6608980\">\n#top .av-special-heading.av-av_heading-68e8b84f7201ecc6a1ac9c5fe6608980{\npadding-bottom:10px;\ncolor:#757575;\n}\nbody .av-special-heading.av-av_heading-68e8b84f7201ecc6a1ac9c5fe6608980 .av-special-heading-tag .heading-char{\nfont-size:25px;\n}\n.av-special-heading.av-av_heading-68e8b84f7201ecc6a1ac9c5fe6608980 .special-heading-inner-border{\nborder-color:#757575;\n}\n.av-special-heading.av-av_heading-68e8b84f7201ecc6a1ac9c5fe6608980 .av-subheading{\nfont-size:15px;\n}\n<\/style>\n<div  class='av-special-heading av-av_heading-68e8b84f7201ecc6a1ac9c5fe6608980 av-special-heading-h2 custom-color-heading blockquote modern-quote  avia-builder-el-0  el_before_av_hr  avia-builder-el-first '><h2 class='av-special-heading-tag '  itemprop=\"headline\"  >IMPRESSUM<\/h2><div class=\"special-heading-border\"><div class=\"special-heading-inner-border\"><\/div><\/div><\/div>\n\n<style type=\"text\/css\" data-created_by=\"avia_inline_auto\" id=\"style-css-av-jtjxql5w-a760969e30b2d32242d5da2e32b38125\">\n#top .hr.av-jtjxql5w-a760969e30b2d32242d5da2e32b38125{\nmargin-top:30px;\nmargin-bottom:30px;\n}\n.hr.av-jtjxql5w-a760969e30b2d32242d5da2e32b38125 .hr-inner{\nwidth:100%;\nborder-color:#338ae8;\n}\n<\/style>\n<div  class='hr av-jtjxql5w-a760969e30b2d32242d5da2e32b38125 hr-custom  avia-builder-el-1  el_after_av_heading  el_before_av_one_full  hr-left hr-icon-no'><span class='hr-inner inner-border-av-border-thin'><span class=\"hr-inner-style\"><\/span><\/span><\/div>\n\n<style type=\"text\/css\" data-created_by=\"avia_inline_auto\" id=\"style-css-av-1tkjf9-c04483c202164dd7020f014d70e31813\">\n.flex_column.av-1tkjf9-c04483c202164dd7020f014d70e31813{\nborder-radius:0px 0px 0px 0px;\npadding:0px 0px 0px 0px;\n}\n<\/style>\n<div  class='flex_column av-1tkjf9-c04483c202164dd7020f014d70e31813 av_one_full  avia-builder-el-2  el_after_av_hr  avia-builder-el-last  first flex_column_div av-zero-column-padding  '     ><section  class='av_textblock_section av-jhlkx299-1647bf16042e4161dc5deb8f622677dc '   itemscope=\"itemscope\" itemtype=\"https:\/\/schema.org\/CreativeWork\" ><div class='avia_textblock'  itemprop=\"text\" ><p>Wolfgang Schmahl GmbH &amp; Co. KG<br \/>\nRingstra\u00dfe 22-26, 42553 Velbert \u2013 Neviges<\/p>\n<p>Gesch\u00e4ftsf\u00fchrer:<br \/>\nMartin Schmahl<br \/>\nJulia Kowoll<\/p>\n<p>Vertretungsberechtigter Gesch\u00e4ftsf\u00fchrer:<br \/>\nMartin Schmahl<\/p>\n<p>Tel.: +49 (0)2053 419-0<br \/>\nFax: +49 (0)2053 419-19<\/p>\n<p>info(at)schmahl.tv<\/p>\n<p>Amtsgericht Wuppertal HRB 21052<\/p>\n<p>Ust.-Id.-Nr.: DE 121 546 716<\/p>\n<p>Finanzamt: Velbert<\/p>\n<p>Bildnachweise:<\/p>\n<p>\u00a9 Tanja Margies, \u00a9 Frank Kaldenpoth, \u00a9\u201eBOMAG GmbH\u201c, \u00a9 P\u00d6TTINGER, \u00a9 iStock.com\/EKH-Pictures, \u00a9iStock.com\/sculpies, \u00a9iStock.com\/thebroker<\/p>\n<p>Beachten Sie bitte, dass Informationen und Daten, die Sie uns per E-Mail oder einem hier eingesetzten Kontakt-Formular zusenden, ungesichert \u00fcbertragen werden und von Unbefugten zur Kenntnis genommen werden k\u00f6nnen. Die Wolfgang Schmahl GmbH &amp; Co. KG behandelt Ihre personenbezogenen Daten vertraulich. Sie sind damit einverstanden, dass personenbezogene Daten im Rahmen der Zweckbestimmung der \u00dcbermittlung nach Ermessen der Wolfgang Schmahl GmbH &amp; Co. KG automatisiert verarbeitet werden.<\/p>\n<p>Die Wolfgang Schmahl GmbH &amp; Co. KG ist bem\u00fcht, die Informationen auf Ihrer Homepage stets aktuell und inhaltlich richtig sowie vollst\u00e4ndig darzustellen. Dennoch ist das Auftreten von Fehlern nicht v\u00f6llig auszuschlie\u00dfen. Die Wolfgang Schmahl GmbH &amp; Co. KG \u00fcbernimmt keine Haftung f\u00fcr die Aktualit\u00e4t, die inhaltliche Richtigkeit sowie f\u00fcr die Vollst\u00e4ndigkeit der eingestellten Informationen auf ihrer Homepage. Die verwendeten Grafiken und Bilder sind urheberrechtlich gesch\u00fctzt.<\/p>\n<p>Alle Rechte, auch die der fototechnischen Wiedergabe, der Vervielf\u00e4ltigung und der Verbreitung mittels besonderer Verfahren wie Datenverarbeitung, Erstellung von Datentr\u00e4gern und Datennetzen, auch teilweise, beh\u00e4lt sich die Wolfgang Schmahl GmbH &amp; Co. KG vor. Sie d\u00fcrfen davon ausgehen, dass die eingebrachten Links auf dieser Homepage zu Ihrer Information dienen. F\u00fcr alle externen Links dieser Homepage gilt: Der betreffende Autor ist ausschlie\u00dflich daf\u00fcr selbst verantwortlich.<\/p>\n<\/div><\/section><\/div>\n","protected":false},"excerpt":{"rendered":"","protected":false},"author":1,"featured_media":0,"parent":0,"menu_order":20,"comment_status":"closed","ping_status":"closed","template":"","meta":{"footnotes":""},"class_list":["post-3333","page","type-page","status-publish","hentry"],"_links":{"self":[{"href":"https:\/\/www.schmahl.biz\/de\/wp-json\/wp\/v2\/pages\/3333","targetHints":{"allow":["GET"]}}],"collection":[{"href":"https:\/\/www.schmahl.biz\/de\/wp-json\/wp\/v2\/pages"}],"about":[{"href":"https:\/\/www.schmahl.biz\/de\/wp-json\/wp\/v2\/types\/page"}],"author":[{"embeddable":true,"href":"https:\/\/www.schmahl.biz\/de\/wp-json\/wp\/v2\/users\/1"}],"replies":[{"embeddable":true,"href":"https:\/\/www.schmahl.biz\/de\/wp-json\/wp\/v2\/comments?post=3333"}],"version-history":[{"count":10,"href":"https:\/\/www.schmahl.biz\/de\/wp-json\/wp\/v2\/pages\/3333\/revisions"}],"predecessor-version":[{"id":4211,"href":"https:\/\/www.schmahl.biz\/de\/wp-json\/wp\/v2\/pages\/3333\/revisions\/4211"}],"wp:attachment":[{"href":"https:\/\/www.schmahl.biz\/de\/wp-json\/wp\/v2\/media?parent=3333"}],"curies":[{"name":"wp","href":"https:\/\/api.w.org\/{rel}","templated":true}]}}